{"id":693,"date":"2025-01-21T13:41:55","date_gmt":"2025-01-21T13:41:55","guid":{"rendered":"https:\/\/lideser.com\/web\/?page_id=693"},"modified":"2026-04-10T19:28:21","modified_gmt":"2026-04-10T19:28:21","slug":"politica-de-gestion","status":"publish","type":"page","link":"https:\/\/lideser.com\/web\/politica-de-gestion\/","title":{"rendered":"Pol\u00edtica de Gesti\u00f3n"},"content":{"rendered":"\t\t<div data-elementor-type=\"wp-page\" data-elementor-id=\"693\" class=\"elementor elementor-693\">\n\t\t\t\t\t\t<section class=\"elementor-section elementor-top-section elementor-element elementor-element-5a8c66b elementor-section-full_width elementor-section-height-default elementor-section-height-default\" data-id=\"5a8c66b\" data-element_type=\"section\">\n\t\t\t\t\t\t<div class=\"elementor-container elementor-column-gap-no\">\n\t\t\t\t\t<div class=\"aux-parallax-section elementor-column elementor-col-50 elementor-top-column elementor-element elementor-element-df20d03\" data-id=\"df20d03\" data-element_type=\"column\" data-settings=\"{&quot;background_background&quot;:&quot;classic&quot;}\">\n\t\t\t<div class=\"elementor-widget-wrap elementor-element-populated\">\n\t\t\t\t\t\t<div class=\"elementor-element elementor-element-c81c774 aux-appear-watch-animation aux-mask-from-right elementor-widget elementor-widget-aux_image\" data-id=\"c81c774\" data-element_type=\"widget\" data-widget_type=\"aux_image.default\">\n\t\t\t\t<div class=\"elementor-widget-container\">\n\t\t\t\t\t<section class=\"widget-container aux-widget-image aux-alignnone aux-parent-au8397bb10\">\n    <div class=\"aux-media-hint-frame \">\n        <div class=\"aux-media-image \" >\n        \n            \n\n            \n            <img fetchpriority=\"high\" decoding=\"async\" width=\"2000\" height=\"1333\" src=\"https:\/\/lideser.com\/web\/wp-content\/uploads\/2025\/01\/lideser-6.jpg\" class=\"aux-attachment aux-featured-image aux-attachment-id-696\" alt=\"lideser (6)\" data-ratio=\"1.5\" data-original-w=\"2000\" \/>            \n                <\/div>\n    <\/div>\n\n<\/section><!-- widget-container -->\t\t\t\t<\/div>\n\t\t\t\t<\/div>\n\t\t\t\t\t<\/div>\n\t\t<\/div>\n\t\t\t\t<div class=\"aux-parallax-section elementor-column elementor-col-50 elementor-top-column elementor-element elementor-element-2faafb1\" data-id=\"2faafb1\" data-element_type=\"column\" data-settings=\"{&quot;background_background&quot;:&quot;classic&quot;}\">\n\t\t\t<div class=\"elementor-widget-wrap elementor-element-populated\">\n\t\t\t\t\t\t<div class=\"elementor-element elementor-element-be38abe aux-appear-watch-animation aux-fade-in-up elementor-widget elementor-widget-aux_modern_heading\" data-id=\"be38abe\" data-element_type=\"widget\" data-widget_type=\"aux_modern_heading.default\">\n\t\t\t\t<div class=\"elementor-widget-container\">\n\t\t\t\t\t<section class=\"aux-widget-modern-heading\">\n            <div class=\"aux-widget-inner\"><h2 class=\"aux-modern-heading-primary\">Pol\u00edtica de Gesti\u00f3n integrada<\/h2><\/div>\n        <\/section>\t\t\t\t<\/div>\n\t\t\t\t<\/div>\n\t\t\t\t<div class=\"elementor-element elementor-element-1f1aa77 elementor-widget elementor-widget-text-editor\" data-id=\"1f1aa77\" data-element_type=\"widget\" data-widget_type=\"text-editor.default\">\n\t\t\t\t<div class=\"elementor-widget-container\">\n\t\t\t\t\t\t\t\t\tLIDESER CIA. LTDA., empresa ecuatoriana directamente vinculada con la industria y el comercio, que proporciona de manera eficaz y oportuna soluciones log\u00edsticas integrales de comercio exterior, a aquellas empresas cuyo giro del negocio son la industria y el comercio, cuenta con amplia trayectoria a nivel nacional, tiene como objetivo primordial cumplir y satisfacer los requerimientos y expectativas de sus clientes y de todas las partes interesadas asociados a su contexto, con personal comprometido y competente en las labores que desempe\u00f1an continuamente, cuyo prop\u00f3sito es promover una cultura de enfoque al cliente, durante la provisi\u00f3n de servicios de gesti\u00f3n de las operaciones de log\u00edstica y transporte , garantizando la calidad, seguridad integral, salud y ambiente durante la gesti\u00f3n de nuestras operaciones y actividades.\t\t\t\t\t\t\t\t<\/div>\n\t\t\t\t<\/div>\n\t\t\t\t\t<\/div>\n\t\t<\/div>\n\t\t\t\t\t<\/div>\n\t\t<\/section>\n\t\t\t\t<section class=\"elementor-section elementor-top-section elementor-element elementor-element-9162577 elementor-section-boxed elementor-section-height-default elementor-section-height-default\" data-id=\"9162577\" data-element_type=\"section\">\n\t\t\t\t\t\t<div class=\"elementor-container elementor-column-gap-default\">\n\t\t\t\t\t<div class=\"aux-parallax-section elementor-column elementor-col-33 elementor-top-column elementor-element elementor-element-211ea00\" data-id=\"211ea00\" data-element_type=\"column\">\n\t\t\t<div class=\"elementor-widget-wrap elementor-element-populated\">\n\t\t\t\t\t\t<div class=\"elementor-element elementor-element-c1687f3 elementor-widget elementor-widget-spacer\" data-id=\"c1687f3\" data-element_type=\"widget\" data-widget_type=\"spacer.default\">\n\t\t\t\t<div class=\"elementor-widget-container\">\n\t\t\t\t\t\t\t<div class=\"elementor-spacer\">\n\t\t\t<div class=\"elementor-spacer-inner\"><\/div>\n\t\t<\/div>\n\t\t\t\t\t\t<\/div>\n\t\t\t\t<\/div>\n\t\t\t\t<div class=\"elementor-element elementor-element-229cefd ekit-equal-height-disable elementor-widget elementor-widget-elementskit-icon-box\" data-id=\"229cefd\" data-element_type=\"widget\" data-widget_type=\"elementskit-icon-box.default\">\n\t\t\t\t<div class=\"elementor-widget-container\">\n\t\t\t\t\t<div class=\"ekit-wid-con\" >        <!-- link opening -->\n                <a href=\"#\" class=\"ekit_global_links\">\n                <!-- end link opening -->\n\n        <div class=\"elementskit-infobox text-center text- icon-top-align elementor-animation-   \">\n                    <div class=\"elementskit-box-header elementor-animation-\">\n                <div class=\"elementskit-info-box-icon  \">\n                    <i aria-hidden=\"true\" class=\"elementkit-infobox-icon icon icon-User\"><\/i>\n                <\/div>\n          <\/div>\n                        <div class=\"box-body\">\n                                            <\/div>\n        \n        \n                <\/div>\n                <\/a>\n        <\/div>\t\t\t\t<\/div>\n\t\t\t\t<\/div>\n\t\t\t\t<div class=\"elementor-element elementor-element-86a826f elementor-widget elementor-widget-heading\" data-id=\"86a826f\" data-element_type=\"widget\" data-widget_type=\"heading.default\">\n\t\t\t\t<div class=\"elementor-widget-container\">\n\t\t\t\t\t<h2 class=\"elementor-heading-title elementor-size-default\">Personal comprometido<\/h2>\t\t\t\t<\/div>\n\t\t\t\t<\/div>\n\t\t\t\t<div class=\"elementor-element elementor-element-4214540 elementor-widget elementor-widget-text-editor\" data-id=\"4214540\" data-element_type=\"widget\" data-widget_type=\"text-editor.default\">\n\t\t\t\t<div class=\"elementor-widget-container\">\n\t\t\t\t\t\t\t\t\tLIDESER CIA. LTDA. Est\u00e1 comprometida en mantener la integridad de sus procesos, los requisitos aplicables, la prevenci\u00f3n de actividades il\u00edcitas, de corrupci\u00f3n y\/o soborno, tr\u00e1fico de sustancias catalogadas sujetas a fiscalizaci\u00f3n, lavado de activos, financiamiento del terrorismo, contrabando, defraudaci\u00f3n, entre otros.\t\t\t\t\t\t\t\t<\/div>\n\t\t\t\t<\/div>\n\t\t\t\t<div class=\"elementor-element elementor-element-d7bfe63 elementor-widget elementor-widget-text-editor\" data-id=\"d7bfe63\" data-element_type=\"widget\" data-widget_type=\"text-editor.default\">\n\t\t\t\t<div class=\"elementor-widget-container\">\n\t\t\t\t\t\t\t\t\tLIDESER CIA.LTDA. Se compromete a la mejora continua del sistema de gesti\u00f3n integral en calidad y seguridad. \t\t\t\t\t\t\t\t<\/div>\n\t\t\t\t<\/div>\n\t\t\t\t<div class=\"elementor-element elementor-element-9489d77 elementor-widget elementor-widget-text-editor\" data-id=\"9489d77\" data-element_type=\"widget\" data-widget_type=\"text-editor.default\">\n\t\t\t\t<div class=\"elementor-widget-container\">\n\t\t\t\t\t\t\t\t\tLIDESER CIA.LTDA. Promueve la seguridad en el uso de tecnolog\u00edas de la informaci\u00f3n.\t\t\t\t\t\t\t\t<\/div>\n\t\t\t\t<\/div>\n\t\t\t\t<div class=\"elementor-element elementor-element-08ed5af elementor-widget elementor-widget-text-editor\" data-id=\"08ed5af\" data-element_type=\"widget\" data-widget_type=\"text-editor.default\">\n\t\t\t\t<div class=\"elementor-widget-container\">\n\t\t\t\t\t\t\t\t\tLIDESER CIA. LTDA. Est\u00e1 comprometida ante la sostenibilidad y responsabilidad social empresarial cuenta con pol\u00edticas, principios e iniciativas que mide los impactos de sus actividades en el medio ambiente, pr\u00e1cticas laborales y derechos humanos, \u00e9tica y compras sostenibles. Haciendo un \u00e9nfasis en promover elementos de prevenci\u00f3n y controles para evitar el abuso laboral, discriminaci\u00f3n, trabajo forzoso, trabajo infantil y otras violaciones a los derechos humanos.\t\t\t\t\t\t\t\t<\/div>\n\t\t\t\t<\/div>\n\t\t\t\t<div class=\"elementor-element elementor-element-c4cd8b9 elementor-widget elementor-widget-spacer\" data-id=\"c4cd8b9\" data-element_type=\"widget\" data-widget_type=\"spacer.default\">\n\t\t\t\t<div class=\"elementor-widget-container\">\n\t\t\t\t\t\t\t<div class=\"elementor-spacer\">\n\t\t\t<div class=\"elementor-spacer-inner\"><\/div>\n\t\t<\/div>\n\t\t\t\t\t\t<\/div>\n\t\t\t\t<\/div>\n\t\t\t\t\t<\/div>\n\t\t<\/div>\n\t\t\t\t<div class=\"aux-parallax-section elementor-column elementor-col-33 elementor-top-column elementor-element elementor-element-14f14d8\" data-id=\"14f14d8\" data-element_type=\"column\">\n\t\t\t<div class=\"elementor-widget-wrap elementor-element-populated\">\n\t\t\t\t\t\t<div class=\"elementor-element elementor-element-cc8e42d elementor-widget elementor-widget-spacer\" data-id=\"cc8e42d\" data-element_type=\"widget\" data-widget_type=\"spacer.default\">\n\t\t\t\t<div class=\"elementor-widget-container\">\n\t\t\t\t\t\t\t<div class=\"elementor-spacer\">\n\t\t\t<div class=\"elementor-spacer-inner\"><\/div>\n\t\t<\/div>\n\t\t\t\t\t\t<\/div>\n\t\t\t\t<\/div>\n\t\t\t\t\t<\/div>\n\t\t<\/div>\n\t\t\t\t<div class=\"aux-parallax-section elementor-column elementor-col-33 elementor-top-column elementor-element elementor-element-7540274\" data-id=\"7540274\" data-element_type=\"column\">\n\t\t\t<div class=\"elementor-widget-wrap elementor-element-populated\">\n\t\t\t\t\t\t<div class=\"elementor-element elementor-element-492a16c elementor-widget elementor-widget-spacer\" data-id=\"492a16c\" data-element_type=\"widget\" data-widget_type=\"spacer.default\">\n\t\t\t\t<div class=\"elementor-widget-container\">\n\t\t\t\t\t\t\t<div class=\"elementor-spacer\">\n\t\t\t<div class=\"elementor-spacer-inner\"><\/div>\n\t\t<\/div>\n\t\t\t\t\t\t<\/div>\n\t\t\t\t<\/div>\n\t\t\t\t<div class=\"elementor-element elementor-element-4215bda ekit-equal-height-disable elementor-widget elementor-widget-elementskit-icon-box\" data-id=\"4215bda\" data-element_type=\"widget\" data-widget_type=\"elementskit-icon-box.default\">\n\t\t\t\t<div class=\"elementor-widget-container\">\n\t\t\t\t\t<div class=\"ekit-wid-con\" >        <!-- link opening -->\n                <a href=\"#\" class=\"ekit_global_links\">\n                <!-- end link opening -->\n\n        <div class=\"elementskit-infobox text-center text- icon-top-align elementor-animation-   \">\n                    <div class=\"elementskit-box-header elementor-animation-\">\n                <div class=\"elementskit-info-box-icon  \">\n                    <i aria-hidden=\"true\" class=\"elementkit-infobox-icon icon icon-shield11\"><\/i>\n                <\/div>\n          <\/div>\n                        <div class=\"box-body\">\n                                            <\/div>\n        \n        \n                <\/div>\n                <\/a>\n        <\/div>\t\t\t\t<\/div>\n\t\t\t\t<\/div>\n\t\t\t\t<div class=\"elementor-element elementor-element-1a8bfd8 elementor-widget elementor-widget-heading\" data-id=\"1a8bfd8\" data-element_type=\"widget\" data-widget_type=\"heading.default\">\n\t\t\t\t<div class=\"elementor-widget-container\">\n\t\t\t\t\t<h2 class=\"elementor-heading-title elementor-size-default\">Control de actividades il\u00edcitas<\/h2>\t\t\t\t<\/div>\n\t\t\t\t<\/div>\n\t\t\t\t<div class=\"elementor-element elementor-element-7db1abe elementor-widget elementor-widget-text-editor\" data-id=\"7db1abe\" data-element_type=\"widget\" data-widget_type=\"text-editor.default\">\n\t\t\t\t<div class=\"elementor-widget-container\">\n\t\t\t\t\t\t\t\t\tLIDESER CIA. LTDA., colabora plenamente con las autoridades de control con \u00e9nfasis en el cumplimiento de los requisitos legales y act\u00faa decididamente para prevenir que propios y\/o terceros utilicen la Organizaci\u00f3n para desarrollar actividades il\u00edcitas como: defraudaci\u00f3n, contrabando, narcotr\u00e1fico, producci\u00f3n o tr\u00e1fico de sustancias catalogadas sujetas a fiscalizaci\u00f3n, terrorismo, lavado de activos, hurto, robo, fraude, soborno, corrupci\u00f3n y dem\u00e1s actos y\/o condiciones subest\u00e1ndares al margen de la Ley. \t\t\t\t\t\t\t\t<\/div>\n\t\t\t\t<\/div>\n\t\t\t\t<div class=\"elementor-element elementor-element-2d093e9 elementor-widget elementor-widget-text-editor\" data-id=\"2d093e9\" data-element_type=\"widget\" data-widget_type=\"text-editor.default\">\n\t\t\t\t<div class=\"elementor-widget-container\">\n\t\t\t\t\t\t\t\t\tEsta pol\u00edtica es comunicada en todos los niveles de la Compa\u00f1\u00eda y revisada de manera sist\u00e9mica, a fin de motivar su estricto cumplimiento para la gesti\u00f3n de riesgos e impactos de sus operaciones. \t\t\t\t\t\t\t\t<\/div>\n\t\t\t\t<\/div>\n\t\t\t\t\t<\/div>\n\t\t<\/div>\n\t\t\t\t\t<\/div>\n\t\t<\/section>\n\t\t\t\t<\/div>\n\t\t","protected":false},"excerpt":{"rendered":"<p>Pol\u00edtica de Gesti\u00f3n integrada LIDESER CIA. LTDA., empresa ecuatoriana directamente vinculada con la industria y el comercio, que proporciona de manera eficaz y oportuna soluciones log\u00edsticas integrales de comercio exterior, a aquellas empresas cuyo giro del negocio son la industria y el comercio, cuenta con amplia trayectoria a nivel nacional, tiene como objetivo primordial cumplir [&hellip;]<\/p>\n","protected":false},"author":1,"featured_media":0,"parent":0,"menu_order":0,"comment_status":"closed","ping_status":"closed","template":"templates\/page-builder-content.php","meta":{"iawp_total_views":63,"footnotes":""},"class_list":["post-693","page","type-page","status-publish","hentry"],"yoast_head":"<!-- This site is optimized with the Yoast SEO plugin v24.9 - https:\/\/yoast.com\/wordpress\/plugins\/seo\/ -->\n<title>Pol\u00edtica de Gesti\u00f3n - Lideser<\/title>\n<meta name=\"description\" content=\"LIDESER CIA. LTDA., empresa ecuatoriana vinculada con la industria y el comercio, que proporciona soluciones log\u00edsticas integrales\" \/>\n<meta name=\"robots\" content=\"index, follow, max-snippet:-1, max-image-preview:large, max-video-preview:-1\" \/>\n<link rel=\"canonical\" href=\"https:\/\/lideser.com\/web\/politica-de-gestion\/\" \/>\n<meta property=\"og:locale\" content=\"es_ES\" \/>\n<meta property=\"og:type\" content=\"article\" \/>\n<meta property=\"og:title\" content=\"Pol\u00edtica de Gesti\u00f3n - Lideser\" \/>\n<meta property=\"og:description\" content=\"LIDESER CIA. LTDA., empresa ecuatoriana vinculada con la industria y el comercio, que proporciona soluciones log\u00edsticas integrales\" \/>\n<meta property=\"og:url\" content=\"https:\/\/lideser.com\/web\/politica-de-gestion\/\" \/>\n<meta property=\"og:site_name\" content=\"Lideser\" \/>\n<meta property=\"article:publisher\" content=\"https:\/\/www.facebook.com\/LideserEcuador\/\" \/>\n<meta property=\"article:modified_time\" content=\"2026-04-10T19:28:21+00:00\" \/>\n<meta property=\"og:image\" content=\"https:\/\/lideser.com\/web\/wp-content\/uploads\/2025\/01\/lideser-6.jpg\" \/>\n<meta name=\"twitter:card\" content=\"summary_large_image\" \/>\n<meta name=\"twitter:site\" content=\"@LIDESER_ECUADOR\" \/>\n<meta name=\"twitter:label1\" content=\"Tiempo de lectura\" \/>\n\t<meta name=\"twitter:data1\" content=\"2 minutos\" \/>\n<script type=\"application\/ld+json\" class=\"yoast-schema-graph\">{\"@context\":\"https:\/\/schema.org\",\"@graph\":[{\"@type\":\"WebPage\",\"@id\":\"https:\/\/lideser.com\/web\/politica-de-gestion\/\",\"url\":\"https:\/\/lideser.com\/web\/politica-de-gestion\/\",\"name\":\"Pol\u00edtica de Gesti\u00f3n - Lideser\",\"isPartOf\":{\"@id\":\"https:\/\/lideser.com\/web\/#website\"},\"primaryImageOfPage\":{\"@id\":\"https:\/\/lideser.com\/web\/politica-de-gestion\/#primaryimage\"},\"image\":{\"@id\":\"https:\/\/lideser.com\/web\/politica-de-gestion\/#primaryimage\"},\"thumbnailUrl\":\"https:\/\/lideser.com\/web\/wp-content\/uploads\/2025\/01\/lideser-6.jpg\",\"datePublished\":\"2025-01-21T13:41:55+00:00\",\"dateModified\":\"2026-04-10T19:28:21+00:00\",\"description\":\"LIDESER CIA. LTDA., empresa ecuatoriana vinculada con la industria y el comercio, que proporciona soluciones log\u00edsticas integrales\",\"breadcrumb\":{\"@id\":\"https:\/\/lideser.com\/web\/politica-de-gestion\/#breadcrumb\"},\"inLanguage\":\"es\",\"potentialAction\":[{\"@type\":\"ReadAction\",\"target\":[\"https:\/\/lideser.com\/web\/politica-de-gestion\/\"]}]},{\"@type\":\"ImageObject\",\"inLanguage\":\"es\",\"@id\":\"https:\/\/lideser.com\/web\/politica-de-gestion\/#primaryimage\",\"url\":\"https:\/\/lideser.com\/web\/wp-content\/uploads\/2025\/01\/lideser-6.jpg\",\"contentUrl\":\"https:\/\/lideser.com\/web\/wp-content\/uploads\/2025\/01\/lideser-6.jpg\",\"width\":2000,\"height\":1333},{\"@type\":\"BreadcrumbList\",\"@id\":\"https:\/\/lideser.com\/web\/politica-de-gestion\/#breadcrumb\",\"itemListElement\":[{\"@type\":\"ListItem\",\"position\":1,\"name\":\"Portada\",\"item\":\"https:\/\/lideser.com\/web\/\"},{\"@type\":\"ListItem\",\"position\":2,\"name\":\"Pol\u00edtica de Gesti\u00f3n\"}]},{\"@type\":\"WebSite\",\"@id\":\"https:\/\/lideser.com\/web\/#website\",\"url\":\"https:\/\/lideser.com\/web\/\",\"name\":\"Lideser\",\"description\":\"Lideser \u2013 Log\u00edstica Integral Comercio Exterior \u2013 Agente Aduanero\",\"publisher\":{\"@id\":\"https:\/\/lideser.com\/web\/#organization\"},\"potentialAction\":[{\"@type\":\"SearchAction\",\"target\":{\"@type\":\"EntryPoint\",\"urlTemplate\":\"https:\/\/lideser.com\/web\/?s={search_term_string}\"},\"query-input\":{\"@type\":\"PropertyValueSpecification\",\"valueRequired\":true,\"valueName\":\"search_term_string\"}}],\"inLanguage\":\"es\"},{\"@type\":\"Organization\",\"@id\":\"https:\/\/lideser.com\/web\/#organization\",\"name\":\"Lideser\",\"url\":\"https:\/\/lideser.com\/web\/\",\"logo\":{\"@type\":\"ImageObject\",\"inLanguage\":\"es\",\"@id\":\"https:\/\/lideser.com\/web\/#\/schema\/logo\/image\/\",\"url\":\"https:\/\/lideser.com\/web\/wp-content\/uploads\/2020\/01\/cropped-lideser.png\",\"contentUrl\":\"https:\/\/lideser.com\/web\/wp-content\/uploads\/2020\/01\/cropped-lideser.png\",\"width\":660,\"height\":142,\"caption\":\"Lideser\"},\"image\":{\"@id\":\"https:\/\/lideser.com\/web\/#\/schema\/logo\/image\/\"},\"sameAs\":[\"https:\/\/www.facebook.com\/LideserEcuador\/\",\"https:\/\/x.com\/LIDESER_ECUADOR\"]}]}<\/script>\n<!-- \/ Yoast SEO plugin. -->","yoast_head_json":{"title":"Pol\u00edtica de Gesti\u00f3n - Lideser","description":"LIDESER CIA. LTDA., empresa ecuatoriana vinculada con la industria y el comercio, que proporciona soluciones log\u00edsticas integrales","robots":{"index":"index","follow":"follow","max-snippet":"max-snippet:-1","max-image-preview":"max-image-preview:large","max-video-preview":"max-video-preview:-1"},"canonical":"https:\/\/lideser.com\/web\/politica-de-gestion\/","og_locale":"es_ES","og_type":"article","og_title":"Pol\u00edtica de Gesti\u00f3n - Lideser","og_description":"LIDESER CIA. LTDA., empresa ecuatoriana vinculada con la industria y el comercio, que proporciona soluciones log\u00edsticas integrales","og_url":"https:\/\/lideser.com\/web\/politica-de-gestion\/","og_site_name":"Lideser","article_publisher":"https:\/\/www.facebook.com\/LideserEcuador\/","article_modified_time":"2026-04-10T19:28:21+00:00","og_image":[{"url":"https:\/\/lideser.com\/web\/wp-content\/uploads\/2025\/01\/lideser-6.jpg","type":"","width":"","height":""}],"twitter_card":"summary_large_image","twitter_site":"@LIDESER_ECUADOR","twitter_misc":{"Tiempo de lectura":"2 minutos"},"schema":{"@context":"https:\/\/schema.org","@graph":[{"@type":"WebPage","@id":"https:\/\/lideser.com\/web\/politica-de-gestion\/","url":"https:\/\/lideser.com\/web\/politica-de-gestion\/","name":"Pol\u00edtica de Gesti\u00f3n - Lideser","isPartOf":{"@id":"https:\/\/lideser.com\/web\/#website"},"primaryImageOfPage":{"@id":"https:\/\/lideser.com\/web\/politica-de-gestion\/#primaryimage"},"image":{"@id":"https:\/\/lideser.com\/web\/politica-de-gestion\/#primaryimage"},"thumbnailUrl":"https:\/\/lideser.com\/web\/wp-content\/uploads\/2025\/01\/lideser-6.jpg","datePublished":"2025-01-21T13:41:55+00:00","dateModified":"2026-04-10T19:28:21+00:00","description":"LIDESER CIA. LTDA., empresa ecuatoriana vinculada con la industria y el comercio, que proporciona soluciones log\u00edsticas integrales","breadcrumb":{"@id":"https:\/\/lideser.com\/web\/politica-de-gestion\/#breadcrumb"},"inLanguage":"es","potentialAction":[{"@type":"ReadAction","target":["https:\/\/lideser.com\/web\/politica-de-gestion\/"]}]},{"@type":"ImageObject","inLanguage":"es","@id":"https:\/\/lideser.com\/web\/politica-de-gestion\/#primaryimage","url":"https:\/\/lideser.com\/web\/wp-content\/uploads\/2025\/01\/lideser-6.jpg","contentUrl":"https:\/\/lideser.com\/web\/wp-content\/uploads\/2025\/01\/lideser-6.jpg","width":2000,"height":1333},{"@type":"BreadcrumbList","@id":"https:\/\/lideser.com\/web\/politica-de-gestion\/#breadcrumb","itemListElement":[{"@type":"ListItem","position":1,"name":"Portada","item":"https:\/\/lideser.com\/web\/"},{"@type":"ListItem","position":2,"name":"Pol\u00edtica de Gesti\u00f3n"}]},{"@type":"WebSite","@id":"https:\/\/lideser.com\/web\/#website","url":"https:\/\/lideser.com\/web\/","name":"Lideser","description":"Lideser \u2013 Log\u00edstica Integral Comercio Exterior \u2013 Agente Aduanero","publisher":{"@id":"https:\/\/lideser.com\/web\/#organization"},"potentialAction":[{"@type":"SearchAction","target":{"@type":"EntryPoint","urlTemplate":"https:\/\/lideser.com\/web\/?s={search_term_string}"},"query-input":{"@type":"PropertyValueSpecification","valueRequired":true,"valueName":"search_term_string"}}],"inLanguage":"es"},{"@type":"Organization","@id":"https:\/\/lideser.com\/web\/#organization","name":"Lideser","url":"https:\/\/lideser.com\/web\/","logo":{"@type":"ImageObject","inLanguage":"es","@id":"https:\/\/lideser.com\/web\/#\/schema\/logo\/image\/","url":"https:\/\/lideser.com\/web\/wp-content\/uploads\/2020\/01\/cropped-lideser.png","contentUrl":"https:\/\/lideser.com\/web\/wp-content\/uploads\/2020\/01\/cropped-lideser.png","width":660,"height":142,"caption":"Lideser"},"image":{"@id":"https:\/\/lideser.com\/web\/#\/schema\/logo\/image\/"},"sameAs":["https:\/\/www.facebook.com\/LideserEcuador\/","https:\/\/x.com\/LIDESER_ECUADOR"]}]}},"_links":{"self":[{"href":"https:\/\/lideser.com\/web\/wp-json\/wp\/v2\/pages\/693","targetHints":{"allow":["GET"]}}],"collection":[{"href":"https:\/\/lideser.com\/web\/wp-json\/wp\/v2\/pages"}],"about":[{"href":"https:\/\/lideser.com\/web\/wp-json\/wp\/v2\/types\/page"}],"author":[{"embeddable":true,"href":"https:\/\/lideser.com\/web\/wp-json\/wp\/v2\/users\/1"}],"replies":[{"embeddable":true,"href":"https:\/\/lideser.com\/web\/wp-json\/wp\/v2\/comments?post=693"}],"version-history":[{"count":23,"href":"https:\/\/lideser.com\/web\/wp-json\/wp\/v2\/pages\/693\/revisions"}],"predecessor-version":[{"id":1739,"href":"https:\/\/lideser.com\/web\/wp-json\/wp\/v2\/pages\/693\/revisions\/1739"}],"wp:attachment":[{"href":"https:\/\/lideser.com\/web\/wp-json\/wp\/v2\/media?parent=693"}],"curies":[{"name":"wp","href":"https:\/\/api.w.org\/{rel}","templated":true}]}}