{"id":1329,"date":"2025-02-05T14:31:09","date_gmt":"2025-02-05T14:31:09","guid":{"rendered":"https:\/\/lideser.com\/web\/?page_id=1329"},"modified":"2025-02-05T16:13:09","modified_gmt":"2025-02-05T16:13:09","slug":"denuncias","status":"publish","type":"page","link":"https:\/\/lideser.com\/web\/denuncias\/","title":{"rendered":"Denuncias"},"content":{"rendered":"\t\t<div data-elementor-type=\"wp-page\" data-elementor-id=\"1329\" class=\"elementor elementor-1329\">\n\t\t\t\t\t\t<section class=\"elementor-section elementor-top-section elementor-element elementor-element-b5ac2d9 elementor-reverse-tablet elementor-reverse-mobile elementor-section-boxed elementor-section-height-default elementor-section-height-default\" data-id=\"b5ac2d9\" data-element_type=\"section\">\n\t\t\t\t\t\t<div class=\"elementor-container elementor-column-gap-default\">\n\t\t\t\t\t<div class=\"aux-parallax-section elementor-column elementor-col-50 elementor-top-column elementor-element elementor-element-fe402af\" data-id=\"fe402af\" data-element_type=\"column\">\n\t\t\t<div class=\"elementor-widget-wrap elementor-element-populated\">\n\t\t\t\t\t\t<div class=\"elementor-element elementor-element-566044f elementor-widget elementor-widget-aux_contact_form\" data-id=\"566044f\" data-element_type=\"widget\" data-widget_type=\"aux_contact_form.default\">\n\t\t\t\t<div class=\"elementor-widget-container\">\n\t\t\t\t\t<section class=\"widget-container aux-widget-contact-form aux-parent-au4597836d\">            <div class=\"aux-col-wrapper aux-no-gutter\">\n            <!-- @TODO - The output for element here -->\n\n            \n<div class=\"wpcf7 no-js\" id=\"wpcf7-f9-o1\" lang=\"es-ES\" dir=\"ltr\" data-wpcf7-id=\"9\">\n<div class=\"screen-reader-response\"><p role=\"status\" aria-live=\"polite\" aria-atomic=\"true\"><\/p> <ul><\/ul><\/div>\n<form action=\"\/web\/wp-json\/wp\/v2\/pages\/1329#wpcf7-f9-o1\" method=\"post\" class=\"wpcf7-form init\" aria-label=\"Formulario de contacto\" novalidate=\"novalidate\" data-status=\"init\">\n<div style=\"display: none;\">\n<input type=\"hidden\" name=\"_wpcf7\" value=\"9\" \/>\n<input type=\"hidden\" name=\"_wpcf7_version\" value=\"6.0.6\" \/>\n<input type=\"hidden\" name=\"_wpcf7_locale\" value=\"es_ES\" \/>\n<input type=\"hidden\" name=\"_wpcf7_unit_tag\" value=\"wpcf7-f9-o1\" \/>\n<input type=\"hidden\" name=\"_wpcf7_container_post\" value=\"0\" \/>\n<input type=\"hidden\" name=\"_wpcf7_posted_data_hash\" value=\"\" \/>\n<\/div>\n<p><label> Nombres completos<br \/>\n<span class=\"wpcf7-form-control-wrap\" data-name=\"your-name\"><input size=\"40\" maxlength=\"400\" class=\"wpcf7-form-control wpcf7-text wpcf7-validates-as-required\" autocomplete=\"name\" aria-required=\"true\" aria-invalid=\"false\" value=\"\" type=\"text\" name=\"your-name\" \/><\/span> <\/label>\n<\/p>\n<p><label> Correo El\u00e9ctronico<br \/>\n<span class=\"wpcf7-form-control-wrap\" data-name=\"your-email\"><input size=\"40\" maxlength=\"400\" class=\"wpcf7-form-control wpcf7-email wpcf7-validates-as-required wpcf7-text wpcf7-validates-as-email\" autocomplete=\"email\" aria-required=\"true\" aria-invalid=\"false\" value=\"\" type=\"email\" name=\"your-email\" \/><\/span> <\/label>\n<\/p>\n<p><label> Asunto<br \/>\n<span class=\"wpcf7-form-control-wrap\" data-name=\"your-subject\"><input size=\"40\" maxlength=\"400\" class=\"wpcf7-form-control wpcf7-text wpcf7-validates-as-required\" aria-required=\"true\" aria-invalid=\"false\" value=\"\" type=\"text\" name=\"your-subject\" \/><\/span> <\/label>\n<\/p>\n<p><label> Mensaje<br \/>\n<span class=\"wpcf7-form-control-wrap\" data-name=\"your-message\"><textarea cols=\"40\" rows=\"10\" maxlength=\"2000\" class=\"wpcf7-form-control wpcf7-textarea\" aria-invalid=\"false\" name=\"your-message\"><\/textarea><\/span> <\/label>\n<\/p>\n<p><input class=\"wpcf7-form-control wpcf7-submit has-spinner\" type=\"submit\" value=\"Enviar\" \/>\n<\/p><div class=\"wpcf7-response-output\" aria-hidden=\"true\"><\/div>\n<\/form>\n<\/div>\n\n\n            <\/div><!-- aux-col-wrapper -->\n    <\/section><!-- widget-container -->\t\t\t\t<\/div>\n\t\t\t\t<\/div>\n\t\t\t\t\t<\/div>\n\t\t<\/div>\n\t\t\t\t<div class=\"aux-parallax-section elementor-column elementor-col-50 elementor-top-column elementor-element elementor-element-7c4c45d\" data-id=\"7c4c45d\" data-element_type=\"column\">\n\t\t\t<div class=\"elementor-widget-wrap elementor-element-populated\">\n\t\t\t\t\t\t<div class=\"elementor-element elementor-element-ac3648a elementor-widget elementor-widget-spacer\" data-id=\"ac3648a\" data-element_type=\"widget\" data-widget_type=\"spacer.default\">\n\t\t\t\t<div class=\"elementor-widget-container\">\n\t\t\t\t\t\t\t<div class=\"elementor-spacer\">\n\t\t\t<div class=\"elementor-spacer-inner\"><\/div>\n\t\t<\/div>\n\t\t\t\t\t\t<\/div>\n\t\t\t\t<\/div>\n\t\t\t\t<div class=\"elementor-element elementor-element-61f5b25 elementor-widget elementor-widget-image\" data-id=\"61f5b25\" data-element_type=\"widget\" data-widget_type=\"image.default\">\n\t\t\t\t<div class=\"elementor-widget-container\">\n\t\t\t\t\t\t\t\t\t\t\t\t\t\t\t<img fetchpriority=\"high\" decoding=\"async\" width=\"2000\" height=\"1333\" src=\"https:\/\/lideser.com\/web\/wp-content\/uploads\/2025\/02\/lideser-12.jpg\" class=\"attachment-full size-full wp-image-1332\" alt=\"\" srcset=\"https:\/\/lideser.com\/web\/wp-content\/uploads\/2025\/02\/lideser-12.jpg 2000w, https:\/\/lideser.com\/web\/wp-content\/uploads\/2025\/02\/lideser-12-1536x1024.jpg 1536w, https:\/\/lideser.com\/web\/wp-content\/uploads\/2025\/02\/lideser-12-200x133.jpg 200w\" sizes=\"(max-width: 2000px) 100vw, 2000px\" \/>\t\t\t\t\t\t\t\t\t\t\t\t\t\t\t<\/div>\n\t\t\t\t<\/div>\n\t\t\t\t<div class=\"elementor-element elementor-element-abd9b2a aux-appear-watch-animation aux-fade-in-up elementor-widget elementor-widget-aux_modern_heading\" data-id=\"abd9b2a\" data-element_type=\"widget\" data-widget_type=\"aux_modern_heading.default\">\n\t\t\t\t<div class=\"elementor-widget-container\">\n\t\t\t\t\t<section class=\"aux-widget-modern-heading\">\n            <div class=\"aux-widget-inner\"><h2 class=\"aux-modern-heading-primary\">Denuncias<\/h2><\/div>\n        <\/section>\t\t\t\t<\/div>\n\t\t\t\t<\/div>\n\t\t\t\t<div class=\"elementor-element elementor-element-b398ea6 elementor-widget elementor-widget-text-editor\" data-id=\"b398ea6\" data-element_type=\"widget\" data-widget_type=\"text-editor.default\">\n\t\t\t\t<div class=\"elementor-widget-container\">\n\t\t\t\t\t\t\t\t\t<p>Por favor, complete el siguiente formulario para registrar su denuncia de manera clara y detallada. Incluya toda la informaci\u00f3n relevante, como fechas, lugares, nombres de personas involucradas y cualquier otra evidencia que pueda respaldar su declaraci\u00f3n<\/p>\t\t\t\t\t\t\t\t<\/div>\n\t\t\t\t<\/div>\n\t\t\t\t\t<\/div>\n\t\t<\/div>\n\t\t\t\t\t<\/div>\n\t\t<\/section>\n\t\t\t\t<\/div>\n\t\t","protected":false},"excerpt":{"rendered":"<p>Nombres completos Correo El\u00e9ctronico Asunto Mensaje Denuncias Por favor, complete el siguiente formulario para registrar su denuncia de manera clara y detallada. Incluya toda la informaci\u00f3n relevante, como fechas, lugares, nombres de personas involucradas y cualquier otra evidencia que pueda respaldar su declaraci\u00f3n<\/p>\n","protected":false},"author":1,"featured_media":0,"parent":0,"menu_order":0,"comment_status":"closed","ping_status":"closed","template":"templates\/page-builder-content.php","meta":{"iawp_total_views":3,"footnotes":""},"class_list":["post-1329","page","type-page","status-publish","hentry"],"yoast_head":"<!-- This site is optimized with the Yoast SEO plugin v24.9 - https:\/\/yoast.com\/wordpress\/plugins\/seo\/ -->\n<title>Denuncias - Lideser<\/title>\n<meta name=\"description\" content=\"Reporta de manera segura y confidencial cualquier irregularidad o situaci\u00f3n preocupante. Completa nuestro formulario de denuncias y ay\u00fadanos a tomar acci\u00f3n.\" \/>\n<meta name=\"robots\" content=\"index, follow, max-snippet:-1, max-image-preview:large, max-video-preview:-1\" \/>\n<link rel=\"canonical\" href=\"https:\/\/lideser.com\/web\/denuncias\/\" \/>\n<meta property=\"og:locale\" content=\"es_ES\" \/>\n<meta property=\"og:type\" content=\"article\" \/>\n<meta property=\"og:title\" content=\"Denuncias - Lideser\" \/>\n<meta property=\"og:description\" content=\"Reporta de manera segura y confidencial cualquier irregularidad o situaci\u00f3n preocupante. Completa nuestro formulario de denuncias y ay\u00fadanos a tomar acci\u00f3n.\" \/>\n<meta property=\"og:url\" content=\"https:\/\/lideser.com\/web\/denuncias\/\" \/>\n<meta property=\"og:site_name\" content=\"Lideser\" \/>\n<meta property=\"article:publisher\" content=\"https:\/\/www.facebook.com\/LideserEcuador\/\" \/>\n<meta property=\"article:modified_time\" content=\"2025-02-05T16:13:09+00:00\" \/>\n<meta property=\"og:image\" content=\"https:\/\/lideser.com\/web\/wp-content\/uploads\/2025\/02\/lideser-12.jpg\" \/>\n<meta name=\"twitter:card\" content=\"summary_large_image\" \/>\n<meta name=\"twitter:site\" content=\"@LIDESER_ECUADOR\" \/>\n<meta name=\"twitter:label1\" content=\"Tiempo de lectura\" \/>\n\t<meta name=\"twitter:data1\" content=\"1 minuto\" \/>\n<script type=\"application\/ld+json\" class=\"yoast-schema-graph\">{\"@context\":\"https:\/\/schema.org\",\"@graph\":[{\"@type\":\"WebPage\",\"@id\":\"https:\/\/lideser.com\/web\/denuncias\/\",\"url\":\"https:\/\/lideser.com\/web\/denuncias\/\",\"name\":\"Denuncias - Lideser\",\"isPartOf\":{\"@id\":\"https:\/\/lideser.com\/web\/#website\"},\"primaryImageOfPage\":{\"@id\":\"https:\/\/lideser.com\/web\/denuncias\/#primaryimage\"},\"image\":{\"@id\":\"https:\/\/lideser.com\/web\/denuncias\/#primaryimage\"},\"thumbnailUrl\":\"https:\/\/lideser.com\/web\/wp-content\/uploads\/2025\/02\/lideser-12.jpg\",\"datePublished\":\"2025-02-05T14:31:09+00:00\",\"dateModified\":\"2025-02-05T16:13:09+00:00\",\"description\":\"Reporta de manera segura y confidencial cualquier irregularidad o situaci\u00f3n preocupante. Completa nuestro formulario de denuncias y ay\u00fadanos a tomar acci\u00f3n.\",\"breadcrumb\":{\"@id\":\"https:\/\/lideser.com\/web\/denuncias\/#breadcrumb\"},\"inLanguage\":\"es\",\"potentialAction\":[{\"@type\":\"ReadAction\",\"target\":[\"https:\/\/lideser.com\/web\/denuncias\/\"]}]},{\"@type\":\"ImageObject\",\"inLanguage\":\"es\",\"@id\":\"https:\/\/lideser.com\/web\/denuncias\/#primaryimage\",\"url\":\"https:\/\/lideser.com\/web\/wp-content\/uploads\/2025\/02\/lideser-12.jpg\",\"contentUrl\":\"https:\/\/lideser.com\/web\/wp-content\/uploads\/2025\/02\/lideser-12.jpg\",\"width\":2000,\"height\":1333},{\"@type\":\"BreadcrumbList\",\"@id\":\"https:\/\/lideser.com\/web\/denuncias\/#breadcrumb\",\"itemListElement\":[{\"@type\":\"ListItem\",\"position\":1,\"name\":\"Portada\",\"item\":\"https:\/\/lideser.com\/web\/\"},{\"@type\":\"ListItem\",\"position\":2,\"name\":\"Denuncias\"}]},{\"@type\":\"WebSite\",\"@id\":\"https:\/\/lideser.com\/web\/#website\",\"url\":\"https:\/\/lideser.com\/web\/\",\"name\":\"Lideser\",\"description\":\"Lideser \u2013 Log\u00edstica Integral Comercio Exterior \u2013 Agente Aduanero\",\"publisher\":{\"@id\":\"https:\/\/lideser.com\/web\/#organization\"},\"potentialAction\":[{\"@type\":\"SearchAction\",\"target\":{\"@type\":\"EntryPoint\",\"urlTemplate\":\"https:\/\/lideser.com\/web\/?s={search_term_string}\"},\"query-input\":{\"@type\":\"PropertyValueSpecification\",\"valueRequired\":true,\"valueName\":\"search_term_string\"}}],\"inLanguage\":\"es\"},{\"@type\":\"Organization\",\"@id\":\"https:\/\/lideser.com\/web\/#organization\",\"name\":\"Lideser\",\"url\":\"https:\/\/lideser.com\/web\/\",\"logo\":{\"@type\":\"ImageObject\",\"inLanguage\":\"es\",\"@id\":\"https:\/\/lideser.com\/web\/#\/schema\/logo\/image\/\",\"url\":\"https:\/\/lideser.com\/web\/wp-content\/uploads\/2020\/01\/cropped-lideser.png\",\"contentUrl\":\"https:\/\/lideser.com\/web\/wp-content\/uploads\/2020\/01\/cropped-lideser.png\",\"width\":660,\"height\":142,\"caption\":\"Lideser\"},\"image\":{\"@id\":\"https:\/\/lideser.com\/web\/#\/schema\/logo\/image\/\"},\"sameAs\":[\"https:\/\/www.facebook.com\/LideserEcuador\/\",\"https:\/\/x.com\/LIDESER_ECUADOR\"]}]}<\/script>\n<!-- \/ Yoast SEO plugin. -->","yoast_head_json":{"title":"Denuncias - Lideser","description":"Reporta de manera segura y confidencial cualquier irregularidad o situaci\u00f3n preocupante. Completa nuestro formulario de denuncias y ay\u00fadanos a tomar acci\u00f3n.","robots":{"index":"index","follow":"follow","max-snippet":"max-snippet:-1","max-image-preview":"max-image-preview:large","max-video-preview":"max-video-preview:-1"},"canonical":"https:\/\/lideser.com\/web\/denuncias\/","og_locale":"es_ES","og_type":"article","og_title":"Denuncias - Lideser","og_description":"Reporta de manera segura y confidencial cualquier irregularidad o situaci\u00f3n preocupante. Completa nuestro formulario de denuncias y ay\u00fadanos a tomar acci\u00f3n.","og_url":"https:\/\/lideser.com\/web\/denuncias\/","og_site_name":"Lideser","article_publisher":"https:\/\/www.facebook.com\/LideserEcuador\/","article_modified_time":"2025-02-05T16:13:09+00:00","og_image":[{"url":"https:\/\/lideser.com\/web\/wp-content\/uploads\/2025\/02\/lideser-12.jpg","type":"","width":"","height":""}],"twitter_card":"summary_large_image","twitter_site":"@LIDESER_ECUADOR","twitter_misc":{"Tiempo de lectura":"1 minuto"},"schema":{"@context":"https:\/\/schema.org","@graph":[{"@type":"WebPage","@id":"https:\/\/lideser.com\/web\/denuncias\/","url":"https:\/\/lideser.com\/web\/denuncias\/","name":"Denuncias - Lideser","isPartOf":{"@id":"https:\/\/lideser.com\/web\/#website"},"primaryImageOfPage":{"@id":"https:\/\/lideser.com\/web\/denuncias\/#primaryimage"},"image":{"@id":"https:\/\/lideser.com\/web\/denuncias\/#primaryimage"},"thumbnailUrl":"https:\/\/lideser.com\/web\/wp-content\/uploads\/2025\/02\/lideser-12.jpg","datePublished":"2025-02-05T14:31:09+00:00","dateModified":"2025-02-05T16:13:09+00:00","description":"Reporta de manera segura y confidencial cualquier irregularidad o situaci\u00f3n preocupante. Completa nuestro formulario de denuncias y ay\u00fadanos a tomar acci\u00f3n.","breadcrumb":{"@id":"https:\/\/lideser.com\/web\/denuncias\/#breadcrumb"},"inLanguage":"es","potentialAction":[{"@type":"ReadAction","target":["https:\/\/lideser.com\/web\/denuncias\/"]}]},{"@type":"ImageObject","inLanguage":"es","@id":"https:\/\/lideser.com\/web\/denuncias\/#primaryimage","url":"https:\/\/lideser.com\/web\/wp-content\/uploads\/2025\/02\/lideser-12.jpg","contentUrl":"https:\/\/lideser.com\/web\/wp-content\/uploads\/2025\/02\/lideser-12.jpg","width":2000,"height":1333},{"@type":"BreadcrumbList","@id":"https:\/\/lideser.com\/web\/denuncias\/#breadcrumb","itemListElement":[{"@type":"ListItem","position":1,"name":"Portada","item":"https:\/\/lideser.com\/web\/"},{"@type":"ListItem","position":2,"name":"Denuncias"}]},{"@type":"WebSite","@id":"https:\/\/lideser.com\/web\/#website","url":"https:\/\/lideser.com\/web\/","name":"Lideser","description":"Lideser \u2013 Log\u00edstica Integral Comercio Exterior \u2013 Agente Aduanero","publisher":{"@id":"https:\/\/lideser.com\/web\/#organization"},"potentialAction":[{"@type":"SearchAction","target":{"@type":"EntryPoint","urlTemplate":"https:\/\/lideser.com\/web\/?s={search_term_string}"},"query-input":{"@type":"PropertyValueSpecification","valueRequired":true,"valueName":"search_term_string"}}],"inLanguage":"es"},{"@type":"Organization","@id":"https:\/\/lideser.com\/web\/#organization","name":"Lideser","url":"https:\/\/lideser.com\/web\/","logo":{"@type":"ImageObject","inLanguage":"es","@id":"https:\/\/lideser.com\/web\/#\/schema\/logo\/image\/","url":"https:\/\/lideser.com\/web\/wp-content\/uploads\/2020\/01\/cropped-lideser.png","contentUrl":"https:\/\/lideser.com\/web\/wp-content\/uploads\/2020\/01\/cropped-lideser.png","width":660,"height":142,"caption":"Lideser"},"image":{"@id":"https:\/\/lideser.com\/web\/#\/schema\/logo\/image\/"},"sameAs":["https:\/\/www.facebook.com\/LideserEcuador\/","https:\/\/x.com\/LIDESER_ECUADOR"]}]}},"_links":{"self":[{"href":"https:\/\/lideser.com\/web\/wp-json\/wp\/v2\/pages\/1329","targetHints":{"allow":["GET"]}}],"collection":[{"href":"https:\/\/lideser.com\/web\/wp-json\/wp\/v2\/pages"}],"about":[{"href":"https:\/\/lideser.com\/web\/wp-json\/wp\/v2\/types\/page"}],"author":[{"embeddable":true,"href":"https:\/\/lideser.com\/web\/wp-json\/wp\/v2\/users\/1"}],"replies":[{"embeddable":true,"href":"https:\/\/lideser.com\/web\/wp-json\/wp\/v2\/comments?post=1329"}],"version-history":[{"count":5,"href":"https:\/\/lideser.com\/web\/wp-json\/wp\/v2\/pages\/1329\/revisions"}],"predecessor-version":[{"id":1394,"href":"https:\/\/lideser.com\/web\/wp-json\/wp\/v2\/pages\/1329\/revisions\/1394"}],"wp:attachment":[{"href":"https:\/\/lideser.com\/web\/wp-json\/wp\/v2\/media?parent=1329"}],"curies":[{"name":"wp","href":"https:\/\/api.w.org\/{rel}","templated":true}]}}